{"id":3,"date":"2024-08-04T13:12:05","date_gmt":"2024-08-04T13:12:05","guid":{"rendered":"https:\/\/anaramos-kosmetik.de\/?page_id=3"},"modified":"2024-08-14T09:05:22","modified_gmt":"2024-08-14T09:05:22","slug":"impressum","status":"publish","type":"page","link":"https:\/\/www.anaramos-kosmetik.de\/de\/impressum\/","title":{"rendered":"Impressum"},"content":{"rendered":"\t\t<div data-elementor-type=\"wp-page\" data-elementor-id=\"3\" class=\"elementor elementor-3\">\n\t\t\t\t<div class=\"elementor-element elementor-element-53e4701e e-flex e-con-boxed e-con e-parent\" data-id=\"53e4701e\" data-element_type=\"container\" data-e-type=\"container\">\n\t\t\t\t\t<div class=\"e-con-inner\">\n\t\t\t\t<div class=\"elementor-element elementor-element-f160e9f elementor-widget elementor-widget-heading\" data-id=\"f160e9f\" data-element_type=\"widget\" data-e-type=\"widget\" data-widget_type=\"heading.default\">\n\t\t\t\t<div class=\"elementor-widget-container\">\n\t\t\t\t\t<h2 class=\"elementor-heading-title elementor-size-default\">Impressum<\/h2>\t\t\t\t<\/div>\n\t\t\t\t<\/div>\n\t\t\t\t<div class=\"elementor-element elementor-element-226f84cd elementor-widget elementor-widget-text-editor\" data-id=\"226f84cd\" data-element_type=\"widget\" data-e-type=\"widget\" data-widget_type=\"text-editor.default\">\n\t\t\t\t<div class=\"elementor-widget-container\">\n\t\t\t\t\t\t\t\t\t<p>Firmenname: Ana Ramos Beauty &amp; Kosmetik<br \/>Adresse: Hermannstra\u00dfe 7, 1. OG, 20095 HamburgTelefon:+49 152 2716 8920<br \/>E-Mail: termin@anaramos-kosmetik.de<br \/>Gesch\u00e4ftsf\u00fchrer: Ana Aparecida Ramos<br \/>Registereintrag:<\/p><p>Hinweis auf EU-Streitschlichtung<br \/>Zur au\u00dfergerichtlichen Beilegung von verbraucherrechtlichen Streitigkeiten hat die Europ\u00e4ische Union eine Online-Plattform (\u201cOS-Plattform\u201d) eingerichtet, an die Sie sich wenden k\u00f6nnen. Die Plattform finden Sie unter http:\/\/ec.europa.eu\/consumers\/odr\/. Unsere Emailadresse lautet: termin@anaramos-kosmetik.de<\/p><p>Disclaimer \u2013 rechtliche Hinweise<\/p><p>\u00a7 1 Warnhinweis zu Inhalten<br \/>Die kostenlosen und frei zug\u00e4nglichen Inhalte dieser Webseite wurden mit gr\u00f6\u00dftm\u00f6glicher Sorgfalt erstellt. Ana Ramos Beauty &amp; Kosmetik \u00fcbernimmt jedoch keine Gew\u00e4hr f\u00fcr die Richtigkeit und Aktualit\u00e4t der bereitgestellten kostenlosen und frei zug\u00e4nglichen journalistischen Ratgeber und Nachrichten. Namentlich gekennzeichnete Beitr\u00e4ge geben die Meinung des jeweiligen Autors und nicht immer die Meinung des Anbieters wieder. Allein durch den Aufruf der kostenlosen und frei zug\u00e4nglichen Inhalte kommt keinerlei Vertragsverh\u00e4ltnis zwischen dem Nutzer und dem Anbieter zustande, insoweit fehlt es am Rechtsbindungswillen des Anbieters.<\/p><p>\u00a7 2 Externe Links<br \/>Diese Website enth\u00e4lt Verkn\u00fcpfungen zu Websites Dritter (&#8220;externe Links&#8221;). Diese Websites unterliegen der Haftung der jeweiligen Betreiber. Ana Ramos Beauty &amp; Kosmetik hat bei der erstmaligen Verkn\u00fcpfung der externen Links die fremden Inhalte daraufhin \u00fcberpr\u00fcft, ob etwaige Rechtsverst\u00f6\u00dfe bestehen. Zu dem Zeitpunkt waren keine Rechtsverst\u00f6\u00dfe ersichtlich. Der Anbieter hat keinerlei Einfluss auf die aktuelle und zuk\u00fcnftige Gestaltung und auf die Inhalte der verkn\u00fcpften Seiten. Das Setzen von externen Links bedeutet nicht, dass sich der Anbieter die hinter dem Verweis oder Link liegenden Inhalte zu Eigen macht. Eine st\u00e4ndige Kontrolle der externen Links ist f\u00fcr den Anbieter ohne konkrete Hinweise auf Rechtsverst\u00f6\u00dfe nicht zumutbar. Bei Kenntnis von Rechtsverst\u00f6\u00dfen werden jedoch derartige externe Links unverz\u00fcglich gel\u00f6scht.<\/p><p>\u00a7 3 Urheber- und Leistungsschutzrechte<br \/>Die auf dieser Website ver\u00f6ffentlichten Inhalte unterliegen dem deutschen Urheber- und Leistungsschutzrecht. Jede vom deutschen Urheber- und Leistungsschutzrecht nicht zugelassene Verwertung bedarf der vorherigen schriftlichen Zustimmung des Anbieters oder jeweiligen Rechteinhabers. Dies gilt insbesondere f\u00fcr Vervielf\u00e4ltigung, Bearbeitung, \u00dcbersetzung, Einspeicherung, Verarbeitung bzw. Wiedergabe von Inhalten in Datenbanken oder anderen elektronischen Medien und Systemen. Inhalte und Rechte Dritter sind dabei als solche gekennzeichnet. Die unerlaubte Vervielf\u00e4ltigung oder Weitergabe einzelner Inhalte oder kompletter Seiten ist nicht gestattet und strafbar. Lediglich die Herstellung von Kopien und Downloads f\u00fcr den pers\u00f6nlichen, privaten und nicht kommerziellen Gebrauch ist erlaubt.<br \/>Die Darstellung dieser Website in fremden Frames ist nur mit vorheriger schriftlicher Erlaubnis zul\u00e4ssig.<\/p><p>Quelle:Experten-Branchenbuch.de<\/p>\t\t\t\t\t\t\t\t<\/div>\n\t\t\t\t<\/div>\n\t\t\t\t\t<\/div>\n\t\t\t\t<\/div>\n\t\t\t\t<\/div>\n\t\t","protected":false},"excerpt":{"rendered":"<p>Impressum Firmenname: Ana Ramos Beauty &amp; KosmetikAdresse: Hermannstra\u00dfe 7, 1. OG, 20095 HamburgTelefon:+49 152 2716 8920E-Mail: termin@anaramos-kosmetik.deGesch\u00e4ftsf\u00fchrer: Ana Aparecida RamosRegistereintrag: Hinweis auf EU-StreitschlichtungZur au\u00dfergerichtlichen Beilegung von verbraucherrechtlichen Streitigkeiten hat die [&hellip;]<\/p>\n","protected":false},"author":1,"featured_media":0,"parent":0,"menu_order":0,"comment_status":"closed","ping_status":"open","template":"","meta":{"footnotes":""},"class_list":["post-3","page","type-page","status-publish","hentry"],"yoast_head":"<!-- This site is optimized with the Yoast SEO plugin v27.5 - https:\/\/yoast.com\/product\/yoast-seo-wordpress\/ -->\n<title>Impressum - Ana Ramos<\/title>\n<meta name=\"robots\" content=\"index, follow, max-snippet:-1, max-image-preview:large, max-video-preview:-1\" \/>\n<link rel=\"canonical\" href=\"https:\/\/www.anaramos-kosmetik.de\/de\/impressum\/\" \/>\n<meta property=\"og:locale\" content=\"de_DE\" \/>\n<meta property=\"og:type\" content=\"article\" \/>\n<meta property=\"og:title\" content=\"Impressum - Ana Ramos\" \/>\n<meta property=\"og:description\" content=\"Impressum Firmenname: Ana Ramos Beauty &amp; KosmetikAdresse: Hermannstra\u00dfe 7, 1. OG, 20095 HamburgTelefon:+49 152 2716 8920E-Mail: termin@anaramos-kosmetik.deGesch\u00e4ftsf\u00fchrer: Ana Aparecida RamosRegistereintrag: Hinweis auf EU-StreitschlichtungZur au\u00dfergerichtlichen Beilegung von verbraucherrechtlichen Streitigkeiten hat die [&hellip;]\" \/>\n<meta property=\"og:url\" content=\"https:\/\/www.anaramos-kosmetik.de\/de\/impressum\/\" \/>\n<meta property=\"og:site_name\" content=\"Ana Ramos\" \/>\n<meta property=\"article:modified_time\" content=\"2024-08-14T09:05:22+00:00\" \/>\n<meta name=\"twitter:card\" content=\"summary_large_image\" \/>\n<meta name=\"twitter:label1\" content=\"Gesch\u00e4tzte Lesezeit\" \/>\n\t<meta name=\"twitter:data1\" content=\"2\u00a0Minuten\" \/>\n<script type=\"application\/ld+json\" class=\"yoast-schema-graph\">{\"@context\":\"https:\\\/\\\/schema.org\",\"@graph\":[{\"@type\":\"WebPage\",\"@id\":\"https:\\\/\\\/www.anaramos-kosmetik.de\\\/de\\\/impressum\\\/\",\"url\":\"https:\\\/\\\/www.anaramos-kosmetik.de\\\/de\\\/impressum\\\/\",\"name\":\"Impressum - Ana Ramos\",\"isPartOf\":{\"@id\":\"https:\\\/\\\/www.anaramos-kosmetik.de\\\/de\\\/#website\"},\"datePublished\":\"2024-08-04T13:12:05+00:00\",\"dateModified\":\"2024-08-14T09:05:22+00:00\",\"breadcrumb\":{\"@id\":\"https:\\\/\\\/www.anaramos-kosmetik.de\\\/de\\\/impressum\\\/#breadcrumb\"},\"inLanguage\":\"de\",\"potentialAction\":[{\"@type\":\"ReadAction\",\"target\":[\"https:\\\/\\\/www.anaramos-kosmetik.de\\\/de\\\/impressum\\\/\"]}]},{\"@type\":\"BreadcrumbList\",\"@id\":\"https:\\\/\\\/www.anaramos-kosmetik.de\\\/de\\\/impressum\\\/#breadcrumb\",\"itemListElement\":[{\"@type\":\"ListItem\",\"position\":1,\"name\":\"In\u00edcio\",\"item\":\"https:\\\/\\\/www.anaramos-kosmetik.de\\\/de\\\/\"},{\"@type\":\"ListItem\",\"position\":2,\"name\":\"Impressum\"}]},{\"@type\":\"WebSite\",\"@id\":\"https:\\\/\\\/www.anaramos-kosmetik.de\\\/de\\\/#website\",\"url\":\"https:\\\/\\\/www.anaramos-kosmetik.de\\\/de\\\/\",\"name\":\"Ana Ramos\",\"description\":\"Beauty &amp; Kosmetik\",\"publisher\":{\"@id\":\"https:\\\/\\\/www.anaramos-kosmetik.de\\\/de\\\/#organization\"},\"potentialAction\":[{\"@type\":\"SearchAction\",\"target\":{\"@type\":\"EntryPoint\",\"urlTemplate\":\"https:\\\/\\\/www.anaramos-kosmetik.de\\\/de\\\/?s={search_term_string}\"},\"query-input\":{\"@type\":\"PropertyValueSpecification\",\"valueRequired\":true,\"valueName\":\"search_term_string\"}}],\"inLanguage\":\"de\"},{\"@type\":\"Organization\",\"@id\":\"https:\\\/\\\/www.anaramos-kosmetik.de\\\/de\\\/#organization\",\"name\":\"Ana Ramos\",\"url\":\"https:\\\/\\\/www.anaramos-kosmetik.de\\\/de\\\/\",\"logo\":{\"@type\":\"ImageObject\",\"inLanguage\":\"de\",\"@id\":\"https:\\\/\\\/www.anaramos-kosmetik.de\\\/de\\\/#\\\/schema\\\/logo\\\/image\\\/\",\"url\":\"https:\\\/\\\/www.anaramos-kosmetik.de\\\/wp-content\\\/uploads\\\/2024\\\/08\\\/cropped-logo-1-scaled-1.jpg\",\"contentUrl\":\"https:\\\/\\\/www.anaramos-kosmetik.de\\\/wp-content\\\/uploads\\\/2024\\\/08\\\/cropped-logo-1-scaled-1.jpg\",\"width\":1657,\"height\":595,\"caption\":\"Ana Ramos\"},\"image\":{\"@id\":\"https:\\\/\\\/www.anaramos-kosmetik.de\\\/de\\\/#\\\/schema\\\/logo\\\/image\\\/\"}}]}<\/script>\n<!-- \/ Yoast SEO plugin. -->","yoast_head_json":{"title":"Impressum - Ana Ramos","robots":{"index":"index","follow":"follow","max-snippet":"max-snippet:-1","max-image-preview":"max-image-preview:large","max-video-preview":"max-video-preview:-1"},"canonical":"https:\/\/www.anaramos-kosmetik.de\/de\/impressum\/","og_locale":"de_DE","og_type":"article","og_title":"Impressum - Ana Ramos","og_description":"Impressum Firmenname: Ana Ramos Beauty &amp; KosmetikAdresse: Hermannstra\u00dfe 7, 1. OG, 20095 HamburgTelefon:+49 152 2716 8920E-Mail: termin@anaramos-kosmetik.deGesch\u00e4ftsf\u00fchrer: Ana Aparecida RamosRegistereintrag: Hinweis auf EU-StreitschlichtungZur au\u00dfergerichtlichen Beilegung von verbraucherrechtlichen Streitigkeiten hat die [&hellip;]","og_url":"https:\/\/www.anaramos-kosmetik.de\/de\/impressum\/","og_site_name":"Ana Ramos","article_modified_time":"2024-08-14T09:05:22+00:00","twitter_card":"summary_large_image","twitter_misc":{"Gesch\u00e4tzte Lesezeit":"2\u00a0Minuten"},"schema":{"@context":"https:\/\/schema.org","@graph":[{"@type":"WebPage","@id":"https:\/\/www.anaramos-kosmetik.de\/de\/impressum\/","url":"https:\/\/www.anaramos-kosmetik.de\/de\/impressum\/","name":"Impressum - Ana Ramos","isPartOf":{"@id":"https:\/\/www.anaramos-kosmetik.de\/de\/#website"},"datePublished":"2024-08-04T13:12:05+00:00","dateModified":"2024-08-14T09:05:22+00:00","breadcrumb":{"@id":"https:\/\/www.anaramos-kosmetik.de\/de\/impressum\/#breadcrumb"},"inLanguage":"de","potentialAction":[{"@type":"ReadAction","target":["https:\/\/www.anaramos-kosmetik.de\/de\/impressum\/"]}]},{"@type":"BreadcrumbList","@id":"https:\/\/www.anaramos-kosmetik.de\/de\/impressum\/#breadcrumb","itemListElement":[{"@type":"ListItem","position":1,"name":"In\u00edcio","item":"https:\/\/www.anaramos-kosmetik.de\/de\/"},{"@type":"ListItem","position":2,"name":"Impressum"}]},{"@type":"WebSite","@id":"https:\/\/www.anaramos-kosmetik.de\/de\/#website","url":"https:\/\/www.anaramos-kosmetik.de\/de\/","name":"Ana Ramos","description":"Beauty &amp; Kosmetik","publisher":{"@id":"https:\/\/www.anaramos-kosmetik.de\/de\/#organization"},"potentialAction":[{"@type":"SearchAction","target":{"@type":"EntryPoint","urlTemplate":"https:\/\/www.anaramos-kosmetik.de\/de\/?s={search_term_string}"},"query-input":{"@type":"PropertyValueSpecification","valueRequired":true,"valueName":"search_term_string"}}],"inLanguage":"de"},{"@type":"Organization","@id":"https:\/\/www.anaramos-kosmetik.de\/de\/#organization","name":"Ana Ramos","url":"https:\/\/www.anaramos-kosmetik.de\/de\/","logo":{"@type":"ImageObject","inLanguage":"de","@id":"https:\/\/www.anaramos-kosmetik.de\/de\/#\/schema\/logo\/image\/","url":"https:\/\/www.anaramos-kosmetik.de\/wp-content\/uploads\/2024\/08\/cropped-logo-1-scaled-1.jpg","contentUrl":"https:\/\/www.anaramos-kosmetik.de\/wp-content\/uploads\/2024\/08\/cropped-logo-1-scaled-1.jpg","width":1657,"height":595,"caption":"Ana Ramos"},"image":{"@id":"https:\/\/www.anaramos-kosmetik.de\/de\/#\/schema\/logo\/image\/"}}]}},"jetpack_sharing_enabled":true,"_links":{"self":[{"href":"https:\/\/www.anaramos-kosmetik.de\/de\/wp-json\/wp\/v2\/pages\/3","targetHints":{"allow":["GET"]}}],"collection":[{"href":"https:\/\/www.anaramos-kosmetik.de\/de\/wp-json\/wp\/v2\/pages"}],"about":[{"href":"https:\/\/www.anaramos-kosmetik.de\/de\/wp-json\/wp\/v2\/types\/page"}],"author":[{"embeddable":true,"href":"https:\/\/www.anaramos-kosmetik.de\/de\/wp-json\/wp\/v2\/users\/1"}],"replies":[{"embeddable":true,"href":"https:\/\/www.anaramos-kosmetik.de\/de\/wp-json\/wp\/v2\/comments?post=3"}],"version-history":[{"count":7,"href":"https:\/\/www.anaramos-kosmetik.de\/de\/wp-json\/wp\/v2\/pages\/3\/revisions"}],"predecessor-version":[{"id":913,"href":"https:\/\/www.anaramos-kosmetik.de\/de\/wp-json\/wp\/v2\/pages\/3\/revisions\/913"}],"wp:attachment":[{"href":"https:\/\/www.anaramos-kosmetik.de\/de\/wp-json\/wp\/v2\/media?parent=3"}],"curies":[{"name":"wp","href":"https:\/\/api.w.org\/{rel}","templated":true}]}}